{"id":14527,"date":"2023-06-05T20:24:33","date_gmt":"2023-06-05T20:24:33","guid":{"rendered":"https:\/\/esctranslate.com\/?page_id=14527"},"modified":"2023-06-06T13:11:19","modified_gmt":"2023-06-06T13:11:19","slug":"politica-de-prueba-gratuita","status":"publish","type":"page","link":"https:\/\/esctranslate.com\/en\/politica-de-prueba-gratuita\/","title":{"rendered":"Pol\u00edtica de prueba gratuita"},"content":{"rendered":"<p>[et_pb_section fb_built=&#8221;1&#8243; _builder_version=&#8221;4.9.4&#8243; _module_preset=&#8221;default&#8221; da_disable_devices=&#8221;off|off|off&#8221; da_is_popup=&#8221;off&#8221; da_exit_intent=&#8221;off&#8221; da_has_close=&#8221;on&#8221; da_alt_close=&#8221;off&#8221; da_dark_close=&#8221;off&#8221; da_not_modal=&#8221;on&#8221; da_is_singular=&#8221;off&#8221; da_with_loader=&#8221;off&#8221; da_has_shadow=&#8221;on&#8221;][et_pb_row _builder_version=&#8221;4.9.4&#8243; _module_preset=&#8221;default&#8221; min_height=&#8221;172px&#8221;][et_pb_column type=&#8221;4_4&#8243; _builder_version=&#8221;4.9.4&#8243; _module_preset=&#8221;default&#8221;][et_pb_text _builder_version=&#8221;4.9.4&#8243; _module_preset=&#8221;default&#8221; hover_enabled=&#8221;0&#8243; global_colors_info=&#8221;{%22gcid-ebd978a1-2558-4195-ad57-2691e0fda349%22:%91%22text_text_color%22%93}&#8221; text_text_color=&#8221;gcid-ebd978a1-2558-4195-ad57-2691e0fda349&#8243; text_font=&#8221;|700|||||||&#8221; text_font_size=&#8221;70px&#8221; sticky_enabled=&#8221;0&#8243; custom_padding=&#8221;5%||5%||true|false&#8221;]<\/p>\n<p>Pol\u00edtica de prueba gratuita<\/p>\n<p>[\/et_pb_text][et_pb_text _builder_version=&#8221;4.9.4&#8243; _module_preset=&#8221;default&#8221; hover_enabled=&#8221;0&#8243; sticky_enabled=&#8221;0&#8243;]<\/p>\n<div><span>Gracias por considerar usar nuestros servicios de traducci\u00f3n. Nos complace ofrecerle la oportunidad de poner a prueba nuestras traducciones profesionales y as\u00ed asegurarle transparencia y claridad en los t\u00e9rminos de esta oferta. Por favor lea con detenimiento las siguientes condiciones:<\/span><\/div>\n<div><\/div>\n<p>[\/et_pb_text][et_pb_text _builder_version=&#8221;4.9.4&#8243; _module_preset=&#8221;default&#8221; hover_enabled=&#8221;0&#8243; sticky_enabled=&#8221;0&#8243;]<\/p>\n<p><strong>1. L\u00edmite m\u00e1ximo de palabras: <\/strong>El servicio de prueba gratuita aplica a un m\u00e1ximo de 500 palabras por empresa. Cualquier traducci\u00f3n que supere el l\u00edmite estar\u00e1 sujeta a nuestros precios est\u00e1ndar.<\/p>\n<p><strong>2. Un servicio gratis por empresa: <\/strong>Esta oferta es v\u00e1lida para un servicio de traducci\u00f3n gratuito por empresa. Cualquier servicio adicional estar\u00e1 sujeto a nuestros precios est\u00e1ndar.<\/p>\n<p><strong>3. Requisito de contacto previo: <\/strong>Para hacer uso de nuestro servicio de prueba gratuito, cordialmente le pedimos que se comunique con nosotros a trav\u00e9s de una llamada telef\u00f3nica o reuni\u00f3n. Esto nos permitir\u00e1 comprender mejor sus necesidades de traducci\u00f3n y prestarle el mejor servicio posible. Para ir a la p\u00e1gina de contacto, haga clic en el link que se encuentra en la parte superior de la pantalla o simplemente haga clic <a href=\"https:\/\/esctranslate.com\/contacto\/\">aqu\u00ed<\/a>.<\/p>\n<p><strong>4. Disponibilidad del servicio: <\/strong>Nuestro servicio de prueba gratuito estar\u00e1 sujeto a disponibilidad y puede verse limitado en base a nuestra carga laboral y las limitaciones de nuestro equipo de traducci\u00f3n.<\/p>\n<p><strong>5. Alcance del servicio: <\/strong>Nuestro servicio de prueba gratuito incluye la traducci\u00f3n del texto deseado y no cubre servicios adicionales como: correcci\u00f3n de estilo, edici\u00f3n o formato. Estos servicios pueden ser usados por aparte a nuestros precios est\u00e1ndar.<\/p>\n<p>Agradecemos haberse tomado el tiempo para leer estos t\u00e9rminos y condiciones. Nuestro objetivo es demostrar la calidad y el valor de nuestras traducciones a trav\u00e9s de esta oferta. Esperamos con ansias ponernos en contacto con usted y as\u00ed brindarle un servicio de traducci\u00f3n sin igual y que se ajuste a las necesidades de su creciente empresa.<\/p>\n<p>Si tiene cualquier pregunta o duda, por favor no dude en <a href=\"https:\/\/esctranslate.com\/contacto\/\">contactarnos<\/a>.<\/p>\n<p>[\/et_pb_text][\/et_pb_column][\/et_pb_row][\/et_pb_section]<\/p>\n","protected":false},"excerpt":{"rendered":"<p>[et_pb_section fb_built=&#8221;1&#8243; _builder_version=&#8221;4.9.4&#8243; _module_preset=&#8221;default&#8221; da_disable_devices=&#8221;off|off|off&#8221; da_is_popup=&#8221;off&#8221; da_exit_intent=&#8221;off&#8221; da_has_close=&#8221;on&#8221; da_alt_close=&#8221;off&#8221; da_dark_close=&#8221;off&#8221; da_not_modal=&#8221;on&#8221; da_is_singular=&#8221;off&#8221; da_with_loader=&#8221;off&#8221; da_has_shadow=&#8221;on&#8221;][et_pb_row _builder_version=&#8221;4.9.4&#8243; _module_preset=&#8221;default&#8221; min_height=&#8221;172px&#8221;][et_pb_column type=&#8221;4_4&#8243; _builder_version=&#8221;4.9.4&#8243; _module_preset=&#8221;default&#8221;][et_pb_text _builder_version=&#8221;4.9.4&#8243; _module_preset=&#8221;default&#8221; hover_enabled=&#8221;0&#8243; global_colors_info=&#8221;{%22gcid-ebd978a1-2558-4195-ad57-2691e0fda349%22:%91%22text_text_color%22%93}&#8221; text_text_color=&#8221;gcid-ebd978a1-2558-4195-ad57-2691e0fda349&#8243; text_font=&#8221;|700|||||||&#8221; text_font_size=&#8221;70px&#8221; sticky_enabled=&#8221;0&#8243; custom_padding=&#8221;5%||5%||true|false&#8221;] Pol\u00edtica de prueba gratuita [\/et_pb_text][et_pb_text _builder_version=&#8221;4.9.4&#8243; _module_preset=&#8221;default&#8221; hover_enabled=&#8221;0&#8243; sticky_enabled=&#8221;0&#8243;] Gracias por considerar usar nuestros servicios de traducci\u00f3n. Nos complace ofrecerle la oportunidad de poner a prueba [&hellip;]<\/p>\n","protected":false},"author":1,"featured_media":0,"parent":0,"menu_order":0,"comment_status":"closed","ping_status":"closed","template":"","meta":{"_et_pb_use_builder":"on","_et_pb_old_content":"","_et_gb_content_width":"","footnotes":""},"_links":{"self":[{"href":"https:\/\/esctranslate.com\/en\/wp-json\/wp\/v2\/pages\/14527"}],"collection":[{"href":"https:\/\/esctranslate.com\/en\/wp-json\/wp\/v2\/pages"}],"about":[{"href":"https:\/\/esctranslate.com\/en\/wp-json\/wp\/v2\/types\/page"}],"author":[{"embeddable":true,"href":"https:\/\/esctranslate.com\/en\/wp-json\/wp\/v2\/users\/1"}],"replies":[{"embeddable":true,"href":"https:\/\/esctranslate.com\/en\/wp-json\/wp\/v2\/comments?post=14527"}],"version-history":[{"count":0,"href":"https:\/\/esctranslate.com\/en\/wp-json\/wp\/v2\/pages\/14527\/revisions"}],"wp:attachment":[{"href":"https:\/\/esctranslate.com\/en\/wp-json\/wp\/v2\/media?parent=14527"}],"curies":[{"name":"wp","href":"https:\/\/api.w.org\/{rel}","templated":true}]}}